{"id":4714,"date":"2020-09-10T11:11:05","date_gmt":"2020-09-10T09:11:05","guid":{"rendered":"https:\/\/ads2.inside-maquette.be\/?page_id=4714"},"modified":"2020-11-13T16:02:55","modified_gmt":"2020-11-13T15:02:55","slug":"incendie-eclairage-de-secours","status":"publish","type":"page","link":"https:\/\/ads2.inside-maquette.be\/?page_id=4714","title":{"rendered":"Incendie \/ \u00c9clairage de secours"},"content":{"rendered":"\t\t<div data-elementor-type=\"wp-page\" data-elementor-id=\"4714\" class=\"elementor elementor-4714\" data-elementor-settings=\"[]\">\n\t\t\t\t\t\t<div class=\"elementor-inner\">\n\t\t\t\t\t\t\t<div class=\"elementor-section-wrap\">\n\t\t\t\t\t\t\t<section class=\"elementor-section elementor-top-section elementor-element elementor-element-385bc082 elementor-section-content-middle elementor-section-boxed elementor-section-height-default elementor-section-height-default\" data-id=\"385bc082\" data-element_type=\"section\">\n\t\t\t\t\t\t<div class=\"elementor-container elementor-column-gap-extended\">\n\t\t\t\t\t\t\t<div class=\"elementor-row\">\n\t\t\t\t\t<div class=\"elementor-column elementor-col-50 elementor-top-column elementor-element elementor-element-20d1bbd4 ot-flex-column-vertical\" data-id=\"20d1bbd4\" data-element_type=\"column\">\n\t\t\t<div class=\"elementor-column-wrap elementor-element-populated\">\n\t\t\t\t\t\t\t<div class=\"elementor-widget-wrap\">\n\t\t\t\t\t\t<div class=\"elementor-element elementor-element-52f483c7 elementor-widget elementor-widget-image\" data-id=\"52f483c7\" data-element_type=\"widget\" data-widget_type=\"image.default\">\n\t\t\t\t<div class=\"elementor-widget-container\">\n\t\t\t\t\t<div class=\"elementor-image\">\n\t\t\t\t\t\t\t\t\t\t<img width=\"623\" height=\"570\" src=\"https:\/\/ads2.inside-maquette.be\/wp-content\/uploads\/2020\/11\/illustration_incendie_eclairage.png\" class=\"attachment-full size-full\" alt=\"\" loading=\"lazy\" srcset=\"https:\/\/ads2.inside-maquette.be\/wp-content\/uploads\/2020\/11\/illustration_incendie_eclairage.png 623w, https:\/\/ads2.inside-maquette.be\/wp-content\/uploads\/2020\/11\/illustration_incendie_eclairage-300x274.png 300w\" sizes=\"(max-width: 623px) 100vw, 623px\" \/>\t\t\t\t\t\t\t\t\t\t\t<\/div>\n\t\t\t\t<\/div>\n\t\t\t\t<\/div>\n\t\t\t\t\t\t<\/div>\n\t\t\t\t\t<\/div>\n\t\t<\/div>\n\t\t\t\t<div class=\"elementor-column elementor-col-50 elementor-top-column elementor-element elementor-element-11dda4a5 ot-flex-column-vertical\" data-id=\"11dda4a5\" data-element_type=\"column\">\n\t\t\t<div class=\"elementor-column-wrap elementor-element-populated\">\n\t\t\t\t\t\t\t<div class=\"elementor-widget-wrap\">\n\t\t\t\t\t\t<div class=\"elementor-element elementor-element-74a88fb4 elementor-widget elementor-widget-iheading\" data-id=\"74a88fb4\" data-element_type=\"widget\" data-widget_type=\"iheading.default\">\n\t\t\t\t<div class=\"elementor-widget-container\">\n\t\t\t\t\t<div class=\"ot-heading is-dots\">\r\n\t        \t            <span>[ Incendie \/ \u00c9clairage de secours ]<\/span>\r\n\t        \t        <h2 class=\"main-heading\">Des d\u00e9tecteurs de fum\u00e9e et de l\u2019\u00e9clairage de secours en cas d\u2019incendie<\/h2>\r\n\t        \t    <\/div>\r\n\t    \t\t<\/div>\n\t\t\t\t<\/div>\n\t\t\t\t<div class=\"elementor-element elementor-element-21ee8a3 elementor-widget elementor-widget-text-editor\" data-id=\"21ee8a3\" data-element_type=\"widget\" data-widget_type=\"text-editor.default\">\n\t\t\t\t<div class=\"elementor-widget-container\">\n\t\t\t\t\t<div class=\"elementor-text-editor elementor-clearfix\"><p><strong>\u00c9quipez-vous de solutions pour vous pr\u00e9munir des catastrophes li\u00e9es aux incendies dans vos b\u00e2timents priv\u00e9s ou professionnels.<\/strong><\/p><p>De l\u2019\u00e9clairage de secours aux d\u00e9tecteurs de chaleur ou de fum\u00e9e, diff\u00e9rents \u00e9quipements peuvent vous aider \u00e0 limiter les d\u00e9g\u00e2ts dans l\u2019\u00e9ventualit\u00e9 d\u2019un incendie\u2026 ADS S\u00e9curit\u00e9 veille aussi sur vous en installant votre syst\u00e8me de secours et de d\u00e9tection incendie.<\/p><\/div>\n\t\t\t\t<\/div>\n\t\t\t\t<\/div>\n\t\t\t\t<div class=\"elementor-element elementor-element-42ca775d elementor-widget elementor-widget-ibutton\" data-id=\"42ca775d\" data-element_type=\"widget\" data-widget_type=\"ibutton.default\">\n\t\t\t\t<div class=\"elementor-widget-container\">\n\t\t\t\t\t<div class=\"ot-button\">\r\n\t\t\t<a href=\"\/contact\" class=\"octf-btn octf-btn-dark\">Contactez-nous<\/a>\r\n\t    <\/div>\r\n\t    \t\t<\/div>\n\t\t\t\t<\/div>\n\t\t\t\t\t\t<\/div>\n\t\t\t\t\t<\/div>\n\t\t<\/div>\n\t\t\t\t\t\t\t\t<\/div>\n\t\t\t\t\t<\/div>\n\t\t<\/section>\n\t\t\t\t\t\t<\/div>\n\t\t\t\t\t\t<\/div>\n\t\t\t\t\t<\/div>\n\t\t","protected":false},"excerpt":{"rendered":"<p>[ Incendie \/ \u00c9clairage de secours ] Des d\u00e9tecteurs de fum\u00e9e et de l\u2019\u00e9clairage de secours en cas d\u2019incendie \u00c9quipez-vous de solutions pour vous pr\u00e9munir des catastrophes li\u00e9es aux incendies dans vos b\u00e2timents priv\u00e9s ou professionnels. De l\u2019\u00e9clairage de secours aux d\u00e9tecteurs de chaleur ou de fum\u00e9e, diff\u00e9rents \u00e9quipements peuvent vous aider \u00e0 limiter les [&hellip;]<\/p>\n","protected":false},"author":1,"featured_media":0,"parent":0,"menu_order":0,"comment_status":"closed","ping_status":"closed","template":"","meta":[],"yoast_head":"<!-- This site is optimized with the Yoast SEO plugin v15.8 - https:\/\/yoast.com\/wordpress\/plugins\/seo\/ -->\n<title>Incendie \/ \u00c9clairage de secours | ADS S\u00e9curit\u00e9<\/title>\n<meta name=\"robots\" content=\"index, follow, max-snippet:-1, max-image-preview:large, max-video-preview:-1\" \/>\n<link rel=\"canonical\" href=\"https:\/\/ads2.inside-maquette.be\/?page_id=4714\" \/>\n<meta property=\"og:locale\" content=\"fr_FR\" \/>\n<meta property=\"og:type\" content=\"article\" \/>\n<meta property=\"og:title\" content=\"Incendie \/ \u00c9clairage de secours | ADS S\u00e9curit\u00e9\" \/>\n<meta property=\"og:description\" content=\"[ Incendie \/ \u00c9clairage de secours ] Des d\u00e9tecteurs de fum\u00e9e et de l\u2019\u00e9clairage de secours en cas d\u2019incendie \u00c9quipez-vous de solutions pour vous pr\u00e9munir des catastrophes li\u00e9es aux incendies dans vos b\u00e2timents priv\u00e9s ou professionnels. De l\u2019\u00e9clairage de secours aux d\u00e9tecteurs de chaleur ou de fum\u00e9e, diff\u00e9rents \u00e9quipements peuvent vous aider \u00e0 limiter les [&hellip;]\" \/>\n<meta property=\"og:url\" content=\"https:\/\/ads2.inside-maquette.be\/?page_id=4714\" \/>\n<meta property=\"og:site_name\" content=\"ADS S\u00e9curit\u00e9\" \/>\n<meta property=\"article:modified_time\" content=\"2020-11-13T15:02:55+00:00\" \/>\n<meta property=\"og:image\" content=\"https:\/\/ads2.inside-maquette.be\/wp-content\/uploads\/2020\/11\/illustration_incendie_eclairage.png\" \/>\n<meta name=\"twitter:card\" content=\"summary_large_image\" \/>\n<script type=\"application\/ld+json\" class=\"yoast-schema-graph\">{\"@context\":\"https:\/\/schema.org\",\"@graph\":[{\"@type\":\"Organization\",\"@id\":\"https:\/\/ads2.inside-maquette.be\/#organization\",\"name\":\"ADS S\\u00e9curit\\u00e9\",\"url\":\"https:\/\/ads2.inside-maquette.be\/\",\"sameAs\":[],\"logo\":{\"@type\":\"ImageObject\",\"@id\":\"https:\/\/ads2.inside-maquette.be\/#logo\",\"inLanguage\":\"fr-FR\",\"url\":\"https:\/\/ads2.inside-maquette.be\/wp-content\/uploads\/2020\/06\/ADSsecurite-logo_temp-BLACK.png\",\"width\":1698,\"height\":1057,\"caption\":\"ADS S\\u00e9curit\\u00e9\"},\"image\":{\"@id\":\"https:\/\/ads2.inside-maquette.be\/#logo\"}},{\"@type\":\"WebSite\",\"@id\":\"https:\/\/ads2.inside-maquette.be\/#website\",\"url\":\"https:\/\/ads2.inside-maquette.be\/\",\"name\":\"ADS S\\u00e9curit\\u00e9\",\"description\":\"Protection \\u00e9lectronique et m\\u00e9canique\",\"publisher\":{\"@id\":\"https:\/\/ads2.inside-maquette.be\/#organization\"},\"potentialAction\":[{\"@type\":\"SearchAction\",\"target\":\"https:\/\/ads2.inside-maquette.be\/?s={search_term_string}\",\"query-input\":\"required name=search_term_string\"}],\"inLanguage\":\"fr-FR\"},{\"@type\":\"ImageObject\",\"@id\":\"https:\/\/ads2.inside-maquette.be\/?page_id=4714#primaryimage\",\"inLanguage\":\"fr-FR\",\"url\":\"https:\/\/ads2.inside-maquette.be\/wp-content\/uploads\/2020\/11\/illustration_incendie_eclairage.png\",\"width\":623,\"height\":570},{\"@type\":\"WebPage\",\"@id\":\"https:\/\/ads2.inside-maquette.be\/?page_id=4714#webpage\",\"url\":\"https:\/\/ads2.inside-maquette.be\/?page_id=4714\",\"name\":\"Incendie \/ \\u00c9clairage de secours | ADS S\\u00e9curit\\u00e9\",\"isPartOf\":{\"@id\":\"https:\/\/ads2.inside-maquette.be\/#website\"},\"primaryImageOfPage\":{\"@id\":\"https:\/\/ads2.inside-maquette.be\/?page_id=4714#primaryimage\"},\"datePublished\":\"2020-09-10T09:11:05+00:00\",\"dateModified\":\"2020-11-13T15:02:55+00:00\",\"breadcrumb\":{\"@id\":\"https:\/\/ads2.inside-maquette.be\/?page_id=4714#breadcrumb\"},\"inLanguage\":\"fr-FR\",\"potentialAction\":[{\"@type\":\"ReadAction\",\"target\":[\"https:\/\/ads2.inside-maquette.be\/?page_id=4714\"]}]},{\"@type\":\"BreadcrumbList\",\"@id\":\"https:\/\/ads2.inside-maquette.be\/?page_id=4714#breadcrumb\",\"itemListElement\":[{\"@type\":\"ListItem\",\"position\":1,\"item\":{\"@type\":\"WebPage\",\"@id\":\"https:\/\/ads2.inside-maquette.be\/\",\"url\":\"https:\/\/ads2.inside-maquette.be\/\",\"name\":\"Accueil\"}},{\"@type\":\"ListItem\",\"position\":2,\"item\":{\"@type\":\"WebPage\",\"@id\":\"https:\/\/ads2.inside-maquette.be\/?page_id=4714\",\"url\":\"https:\/\/ads2.inside-maquette.be\/?page_id=4714\",\"name\":\"Incendie \/ \\u00c9clairage de secours\"}}]}]}<\/script>\n<!-- \/ Yoast SEO plugin. -->","_links":{"self":[{"href":"https:\/\/ads2.inside-maquette.be\/index.php?rest_route=\/wp\/v2\/pages\/4714"}],"collection":[{"href":"https:\/\/ads2.inside-maquette.be\/index.php?rest_route=\/wp\/v2\/pages"}],"about":[{"href":"https:\/\/ads2.inside-maquette.be\/index.php?rest_route=\/wp\/v2\/types\/page"}],"author":[{"embeddable":true,"href":"https:\/\/ads2.inside-maquette.be\/index.php?rest_route=\/wp\/v2\/users\/1"}],"replies":[{"embeddable":true,"href":"https:\/\/ads2.inside-maquette.be\/index.php?rest_route=%2Fwp%2Fv2%2Fcomments&post=4714"}],"version-history":[{"count":7,"href":"https:\/\/ads2.inside-maquette.be\/index.php?rest_route=\/wp\/v2\/pages\/4714\/revisions"}],"predecessor-version":[{"id":4882,"href":"https:\/\/ads2.inside-maquette.be\/index.php?rest_route=\/wp\/v2\/pages\/4714\/revisions\/4882"}],"wp:attachment":[{"href":"https:\/\/ads2.inside-maquette.be\/index.php?rest_route=%2Fwp%2Fv2%2Fmedia&parent=4714"}],"curies":[{"name":"wp","href":"https:\/\/api.w.org\/{rel}","templated":true}]}}